{"id":324,"date":"2025-06-17T12:48:47","date_gmt":"2025-06-17T10:48:47","guid":{"rendered":"https:\/\/www.residenciaanoia.com\/aviso-legal\/"},"modified":"2026-03-16T13:27:19","modified_gmt":"2026-03-16T12:27:19","slug":"aviso-legal-y-politica-de-privacidad","status":"publish","type":"page","link":"https:\/\/www.residenciaanoia.com\/ca\/aviso-legal-y-politica-de-privacidad\/","title":{"rendered":"Aviso legal y Pol\u00edtica de privacidad"},"content":{"rendered":"\t\t<div data-elementor-type=\"wp-page\" data-elementor-id=\"324\" class=\"elementor elementor-324 elementor-217\" data-elementor-post-type=\"page\">\n\t\t\t\t<div class=\"elementor-element elementor-element-5870d57 e-flex e-con-boxed e-con e-parent\" data-id=\"5870d57\" data-element_type=\"container\" data-e-type=\"container\">\n\t\t\t\t\t<div class=\"e-con-inner\">\n\t\t\t\t<div class=\"elementor-element elementor-element-3ed9ab6 elementor-widget elementor-widget-heading\" data-id=\"3ed9ab6\" data-element_type=\"widget\" data-e-type=\"widget\" data-widget_type=\"heading.default\">\n\t\t\t\t<div class=\"elementor-widget-container\">\n\t\t\t\t\t<h1 class=\"elementor-heading-title elementor-size-default\">Aviso legal y Pol\u00edtica de privacidad<\/h1>\t\t\t\t<\/div>\n\t\t\t\t<\/div>\n\t\t\t\t<div class=\"elementor-element elementor-element-9d3f7e0 elementor-widget elementor-widget-text-editor\" data-id=\"9d3f7e0\" data-element_type=\"widget\" data-e-type=\"widget\" data-widget_type=\"text-editor.default\">\n\t\t\t\t<div class=\"elementor-widget-container\">\n\t\t\t\t\t\t\t\t\t<p><span style=\"font-weight: 400;\">En cumplimiento de la Ley 34\/2002, con \u00faltima actualizaci\u00f3n, 09\/05\/2023, de servicios de la sociedad de la informaci\u00f3n y de comercio electr\u00f3nico, <\/span><b>ASISTENCIA GERIATRICA ANOIA, SL,<\/b><span style=\"font-weight: 400;\"> le informa que es titular de los sitios web: <\/span><a href=\"http:\/\/www.residenciaanoia.com\"><b>www.residenciaanoia.com<\/b><\/a><b>.\u00a0 <\/b><span style=\"font-weight: 400;\">De acuerdo con la exigencia del art\u00edculo 10 de la mencionada Ley, notifica los siguientes datos: NIF\/CIF, <\/span><b>B60581469, <\/b><span style=\"font-weight: 400;\">Registro Mercantil de <\/span><b>BARCELONA, <\/b><span style=\"font-weight: 400;\">Tomo: <\/span><b>31680,<\/b><span style=\"font-weight: 400;\"> Folio: <\/span><b>125, Secci\u00f3n, 8, <\/b><span style=\"font-weight: 400;\">Hoja: <\/span><b>B-123657 <\/b><span style=\"font-weight: 400;\">y domicilio social: <\/span><b>AV .PAU CLARIS, 11, BIS. 08760,<\/b> <b>MARTORELL<\/b> <b>(BARCELONA)<\/b><span style=\"font-weight: 400;\">. La direcci\u00f3n de correo electr\u00f3nico de contacto con la empresa es: <\/span><a href=\"mailto:info@residenciaanoia.com\"><b>info@residenciaanoia.com<\/b><\/a><b>. <\/b><span style=\"font-weight: 400;\">\u00a0\u00a0<\/span><\/p><ul><li aria-level=\"1\"><b>USUARIO Y R\u00c9GIMEN DE RESPONSABILIDADES<\/b><\/li><\/ul><p><span style=\"font-weight: 400;\">La navegaci\u00f3n por acceso o uso de la p\u00e1gina web\u00a0 y todos los subdominios y directorios incluidos bajo el mismo dominio, as\u00ed como los servicios o contenidos que a trav\u00e9s de \u00e9l se puedan obtener y todos los portales de dominio propio bajo titularidad de <\/span><b>ASISTENCIA GERIATRICA ANOIA, SL<\/b><span style=\"font-weight: 400;\">, otorga la condici\u00f3n de <\/span><b>Usuario<\/b><span style=\"font-weight: 400;\">, por la que se aceptan, al navegar por la p\u00e1gina web de <\/span><b>ASISTENCIA GERIATRICA ANOIA, SL<\/b><span style=\"font-weight: 400;\">, todas las condiciones de uso que se establecen sin perjudicar la aplicaci\u00f3n de la correspondiente normativa de obligado cumplimiento legal seg\u00fan el caso.<\/span><\/p><p><span style=\"font-weight: 400;\">Por eso, si las consideraciones detalladas en este aviso legal no son de su conformidad, rogamos no haga uso del portal, ya que cualquier uso que haga del mismo o los servicios y contenidos en \u00e9l incluidos implicar\u00e1 la aceptaci\u00f3n de los t\u00e9rminos legales recogidos en este texto.<\/span><\/p><p><span style=\"font-weight: 400;\">La p\u00e1gina web de <\/span><b>ASISTENCIA GERIATRICA ANOIA, SL,<\/b><span style=\"font-weight: 400;\"> proporciona gran diversidad de informaci\u00f3n, servicios y datos. El usuario asume su responsabilidad en el uso correcto de los sitios web. Esta responsabilidad se extender\u00e1 a: La veracidad y licitud de las informaciones aportadas por el usuario en los formularios de registro y contacto de <\/span><b>ASISTENCIA GERIATRICA ANOIA, SL,<\/b><span style=\"font-weight: 400;\"> para acceder a determinados contenidos o servicios ofrecidos por la web.<\/span><\/p><p><span style=\"font-weight: 400;\">El uso de la informaci\u00f3n, servicios y datos ofrecidos por, <\/span><b>ASISTENCIA GERIATRICA ANOIA, SL <\/b><span style=\"font-weight: 400;\">no ir\u00e1n contra las disposiciones de estas cl\u00e1usulas, la Ley, la moral, las buenas costumbres o el orden p\u00fablico que puedan suponer lesi\u00f3n de los derechos de terceros o del funcionamiento de los sitios web. A tal efecto, el Usuario se abstendr\u00e1 de utilizar cualquiera de los contenidos con fines il\u00edcitos y\u00a0 prohibidos en este texto, lesivos de los derechos e intereses de terceros, o que de cualquier forma puedan da\u00f1ar, inutilizar, sobrecargar, deteriorar o impedir la normal utilizaci\u00f3n de los contenidos, de otros Usuarios o de cualquier usuario de Internet (hardware y software).<\/span><\/p><p><span style=\"font-weight: 400;\">Los usuarios responder\u00e1n de los da\u00f1os y perjuicios de toda naturaleza que la entidad propietaria de la web pueda sufrir, directa o indirectamente, como consecuencia de incumplimiento de cualquiera de las obligaciones derivadas del uso de la Web y de esta pol\u00edtica de privacidad.<\/span><\/p><p><span style=\"font-weight: 400;\">En particular, y a t\u00edtulo meramente indicativo y no exhaustivo, el Usuario se compromete a no transmitir, difundir o poner a disposici\u00f3n de terceros informaciones, datos, contenidos, mensajes, gr\u00e1ficos, dibujos, archivos de sonido y\/o imagen, fotograf\u00edas de esta web.<\/span><\/p><p><b style=\"background-color: transparent;\">\u00a0<\/b><\/p><h2><b style=\"background-color: transparent;\">POLITICA DE PRIVACIDAD<\/b><\/h2><p><span style=\"font-weight: 400;\">De conformidad con lo establecido por RGPD-UE-2016\/679<\/span><b>, <\/b><span style=\"font-weight: 400;\">la LOPD 3\/2018, de Garant\u00eda de los Derechos Digitales, la Ley 34\/2002, con la \u00faltima actualizaci\u00f3n, 09\/05\/2023, de Servicios de la Sociedad de la Informaci\u00f3n y el Comercio Electr\u00f3nico, y la Ley 11\/2022, General de Telecomunicaciones, <\/span><b>ASISTENCIA GERIATRICA ANOIA, SL<\/b><span style=\"font-weight: 400;\"> informa a los usuarios de sus websites de que estamos obligados a guardar secreto profesional sobre los datos personales recabados por la entidad mediante los formularios de registro o contacto en sus p\u00e1ginas. Esta obligaci\u00f3n continuar\u00e1 incluso despu\u00e9s de haber finalizado nuestra relaci\u00f3n comercial o contractual, y en ning\u00fan caso podremos hacer p\u00fablicos los datos personales de los visitantes y clientes a la web sin su consentimiento.\u00a0<\/span><\/p><ol><li style=\"font-weight: 400;\" aria-level=\"1\"><b>CONSENTIMIENTO DEL INTERESADO<\/b><b>:<\/b><span style=\"font-weight: 400;\">\u00a0<\/span><\/li><\/ol><p><span style=\"font-weight: 400;\">Para poder realizar el tratamiento de sus datos personales que ser\u00e1n tratados con privacidad y seguridad, es necesario su consentimiento en cumplimiento del RGPD-UE- 2016\/679, y seg\u00fan los art\u00edculos, 5, 6, 7, y 13, por la LOPDGDD-3\/2018, en su T\u00edtulo II, y la Ley 1\/2019, de secretos Empresariales, se le informa que el responsable del tratamiento de los datos ser\u00e1 <\/span><b>ASISTENCIA GERIATRICA ANOIA, SL, <\/b><span style=\"font-weight: 400;\">que tratar\u00e1 la informaci\u00f3n de manera licita, leal y transparente en relaci\u00f3n con el interesado, con fines\u00a0 determinados, expl\u00edcitos\u00a0 y leg\u00edtimos. Los datos e informaci\u00f3n ser\u00e1 tratada de tal manera que se garantice una seguridad adecuada mediante la aplicaci\u00f3n de medidas t\u00e9cnicas u organizativas apropiadas.\u00a0<\/span><\/p><p><span style=\"font-weight: 400;\">Solo se ceder\u00e1n los datos del interesado por obligaci\u00f3n legal, y tiene derecho a presentar reclamaci\u00f3n a la Autoridad de Control pertinente.\u00a0<\/span><\/p><p><span style=\"font-weight: 400;\">En caso de violaci\u00f3n de la seguridad de los datos personales, art. 33, RGPD, el responsable del tratamiento la notificar\u00e1 a la autoridad de control competente de conformidad con el art\u00edculo 55 sin dilaci\u00f3n indebida y, de ser posible, a m\u00e1s tardar 72 horas despu\u00e9s de que haya tenido constancia de ella.<\/span><\/p><p><span style=\"font-weight: 400;\">Al contactar o registrarse en esta web, <\/span><a href=\"http:\/\/www.residenciaanoia.com\"><b>www.residenciaanoia.com<\/b><\/a><span style=\"font-weight: 400;\">, cede sus datos personales\u00a0 o jur\u00eddicos para la gesti\u00f3n de sus datos como usuario, mediante un <\/span><b>Check Box o Bot\u00f3n<\/b><span style=\"font-weight: 400;\">, al\u00a0 formulario de <\/span><b>Contacto, <\/b><span style=\"font-weight: 400;\">acepta los t\u00e9rminos y condiciones del tratamiento de sus datos personales.<\/span><\/p><p><span style=\"font-weight: 400;\">El interesado tendr\u00e1 derecho a retirar su consentimiento en cualquier momento. La retirada del consentimiento no afectar\u00e1 a la licitud del tratamiento basada en el consentimiento previo a su retirada.<\/span><\/p><ul><li aria-level=\"1\"><b>POL\u00cdTICA DE ENLACES Y EXENCIONES DE RESPONSABILIDAD<\/b><\/li><\/ul><p><b>ASISTENCIA GERIATRICA ANOIA, SL <\/b><span style=\"font-weight: 400;\">no se hace responsable del contenido de las p\u00e1ginas web a las que pueda acceder el usuario a trav\u00e9s de los enlaces establecidos en sus sitios web y declara que en ning\u00fan caso examinar\u00e1 ni ejercitar\u00e1 ning\u00fan tipo de control sobre el contenido de otras p\u00e1ginas de la red.<\/span><\/p><p><span style=\"font-weight: 400;\">Asimismo, tampoco garantiza la disponibilidad t\u00e9cnica, exactitud, veracidad, validez o legalidad de p\u00e1ginas ajenas a su propiedad a las que se pueda acceder a trav\u00e9s de los enlaces de esta web.<\/span><\/p><p><b>ASISTENCIA GERIATRICA ANOIA, SL<\/b><span style=\"font-weight: 400;\"> declara que ha adoptado todas las medidas necesarias para evitar cualquier da\u00f1o que pueda derivarse de la navegaci\u00f3n por su p\u00e1gina web. En consecuencia,<\/span><b> ASISTENCIA GERIATRICA ANOIA, SL<\/b><span style=\"font-weight: 400;\"> no se hace responsable, en ning\u00fan caso, de los eventuales da\u00f1os que pueda sufrir el usuario a causa de la navegaci\u00f3n por Internet.<\/span><\/p><p><b>ASISTENCIA GERIATRICA ANOIA, SL<\/b><span style=\"font-weight: 400;\"> no se responsabiliza de los da\u00f1os o perjuicios de cualquier tipo producidos en el Usuario que traigan causa de fallos o desconexiones en las redes de telecomunicaciones que produzcan la suspensi\u00f3n, cancelaci\u00f3n, instalaci\u00f3n o interrupci\u00f3n del servicio de la web durante la prestaci\u00f3n del mismo o con car\u00e1cter previo.<\/span><\/p><p><span style=\"font-weight: 400;\">El acceso a la web <\/span><a href=\"http:\/\/www.residenciaanoia.com\"><b>www.residenciaanoia.com<\/b><\/a><span style=\"font-weight: 400;\"> no implica la obligaci\u00f3n por parte de la entidad de controlar la ausencia de virus o cualquier otro elemento inform\u00e1tico da\u00f1ino. Corresponde al Usuario, en todo caso, la disponibilidad de herramientas adecuadas para la detecci\u00f3n y desinfecci\u00f3n y protecci\u00f3n de programas inform\u00e1ticos da\u00f1inos.<\/span><\/p><p><b>ASISTENCIA GERIATRICA ANOIA, SL<\/b><span style=\"font-weight: 400;\"> no se responsabiliza de los da\u00f1os producidos en los equipos inform\u00e1ticos, documentos y\/o ficheros de los Usuarios o de terceros durante la prestaci\u00f3n del servicio en este Portal web.<\/span><\/p><ul><li aria-level=\"1\"><b>PUBLICIDAD<\/b><\/li><\/ul><p><span style=\"font-weight: 400;\">La web <\/span><a href=\"http:\/\/www.residenciaanoia.com\"><b>www.residenciaanoia.com<\/b><\/a> <span style=\"font-weight: 400;\">podr\u00e1 alojar contenidos publicitarios o patrocinados. Los anunciantes o patrocinadores son los \u00fanicos responsables de asegurarse que el material remitido para su inclusi\u00f3n en la web cumple con las leyes que en cada caso puedan ser de aplicaci\u00f3n.<\/span><\/p><p><b>ASISTENCIA GERIATRICA ANOIA, SL<\/b><span style=\"font-weight: 400;\"> no ser\u00e1 responsable de cualquier error, inexactitud o irregularidad que puedan contener los contenidos publicitarios o de los patrocinadores en esta web.<\/span><\/p><ol start=\"5\"><li><b> \u00a0 <\/b><b>MODIFICACIONES<\/b><\/li><\/ol><p><b>ASISTENCIA GERIATRICA ANOIA, SL<\/b><span style=\"font-weight: 400;\"> se reserva el derecho a realizar las modificaciones que considere oportunas, sin aviso previo, en el contenido de su sitio web, tanto en cuanto a los contenidos como por sus condiciones de uso o por las condiciones generales de contrataci\u00f3n. Dichas modificaciones podr\u00e1n realizarse, a trav\u00e9s de sus sitios web, de cualquier forma admisible en derecho y ser\u00e1n de obligado cumplimiento durante el tiempo que est\u00e9n publicadas en la web y hasta que no sean modificadas por otras posteriores.\u00a0<\/span><\/p><ul><li aria-level=\"1\"><b>PROPIEDAD INTELECTUAL<\/b><\/li><\/ul><p><span style=\"font-weight: 400;\">Los derechos de propiedad intelectual e industrial derivados de todos los textos, im\u00e1genes, as\u00ed como de los medios y formas de presentaci\u00f3n y montaje de sus p\u00e1ginas pertenecen, por s\u00ed mismos o como cesionaria, a<\/span><b> ASISTENCIA GERIATRICA ANOIA, SL.\u00a0<\/b><\/p><p><span style=\"font-weight: 400;\">Ser\u00e1n, por tanto, obras protegidas con propiedad intelectual por el ordenamiento jur\u00eddico espa\u00f1ol y se les podr\u00e1 aplicar tanto la normativa espa\u00f1ola y comunitaria en este campo, como los tratados internacionales relativos a la materia y suscritos por Espa\u00f1a, Real Decreto Legislativo 1\/1996, \u00faltima actualizaci\u00f3n, 30\/03\/2023.<\/span><\/p><p><span style=\"font-weight: 400;\">Directiva-UE-2019\/790 del Parlamento Europeo y del Consejo de 17 de abril de 2019 sobre los derechos de autor y derechos afines en el mercado \u00fanico digital.<\/span><\/p><p><span style=\"font-weight: 400;\">Todos los derechos reservados. En cumplimiento de la Ley de la Propiedad Intelectual se proh\u00edbe expresamente la reproducci\u00f3n, distribuci\u00f3n, comunicaci\u00f3n p\u00fablica y utilizaci\u00f3n de la totalidad o parte de los contenidos de sus p\u00e1ginas web sin el consentimiento expl\u00edcito de<\/span><b> ASISTENCIA GERIATRICA ANOIA, SL.<\/b><\/p><p><span style=\"font-weight: 400;\">As\u00ed mismo,<\/span><b> ASISTENCIA GERIATRICA ANOIA, SL<\/b><span style=\"font-weight: 400;\"> se reserva la facultad de presentar las acciones civiles o penales que considere oportunas por la utilizaci\u00f3n indebida de sus p\u00e1ginas web y contenidos o por el incumplimiento de estas condiciones.<\/span><\/p><ul><li aria-level=\"1\"><b>ACCIONES LEGAL, LEGISLACI\u00d3N APLICABLE Y JURISDICCI\u00d3N<\/b><\/li><\/ul><p><span style=\"font-weight: 400;\">La relaci\u00f3n entre los usuarios y<\/span><b> ASISTENCIA GERIATRICA ANOIA, SL<\/b><span style=\"font-weight: 400;\"> se regir\u00e1 por la normativa espa\u00f1ola vigente y ser\u00e1n competentes para decidir sobre cualquier controversia que pueda surgir entre el usuario y<\/span><b> ASISTENCIA GERIATRICA ANOIA, SL, <\/b><span style=\"font-weight: 400;\">los juzgados o tribunales del Partido Judicial de la localidad de<\/span><b> MARTORELL.<\/b><\/p><ul><li aria-level=\"1\"><b>RESERVA DE COOKIES<\/b><\/li><\/ul><p><b>ASISTENCIA GERIATRICA ANOIA, SL <\/b><span style=\"font-weight: 400;\">utiliza cookies y otras tecnolog\u00edas similares que almacenan y recuperan informaci\u00f3n cuando navegas. Estas tecnolog\u00edas pueden servir para finalidades diversas, como reconocer a un usuario y obtener informaci\u00f3n de sus h\u00e1bitos de navegaci\u00f3n. Los usos concretos que hacemos de estas tecnolog\u00edas se describen en la informaci\u00f3n de la Pol\u00edtica de Cookies. Siguiendo la pol\u00edtica de protecci\u00f3n de datos de la entidad, <\/span><b>ASISTENCIA GERIATRICA ANOIA, SL <\/b><span style=\"font-weight: 400;\">informa que las cookies se asocian al usuario an\u00f3nimo y a su ordenador y no proporcionan por s\u00ed mismas los datos personales del usuario.<\/span><\/p><p><span style=\"font-weight: 400;\">La informaci\u00f3n de nuestra \u2018pol\u00edtica de cookies\u2019 informa al usuario del tiempo que estas\u00a0 cookies permanecer\u00e1n activas en el terminal del usuario y de la posibilidad de que terceros tengan acceso a la informaci\u00f3n que \u00e9stas almacenan. Por ello se modific\u00f3 el art\u00edculo 5, apartado 3, de la Directiva 2002\/58 por la Directiva 2009\/136, y ahora por la Gu\u00eda de la AEPD.<\/span><\/p><p><span style=\"font-weight: 400;\">La \u00faltima Gu\u00eda sobre el uso de cookies de la AEPD de julio de 2023, que incorpora el criterio del Comit\u00e9 Europeo en Protecci\u00f3n de Datos (CEPD), que recoge las acciones de aceptar o rechazar las cookies, ambas acciones deben estar al mismo nivel, sin que sea m\u00e1s complicado\u00a0 rechazarlas o aceptarlas, el usuario tiene la posibilidad de aceptar o rechazar expl\u00edcitamente el uso de las cookies y recibir m\u00e1s informaci\u00f3n de las mismas. Adicionalmente, el Usuario tiene la posibilidad de configurar su navegador de manera que sea informado de la recepci\u00f3n de cookies, con la posibilidad, si as\u00ed lo desea, de impedir que se instalen en su disco duro.\u00a0<\/span><\/p><ul><li aria-level=\"1\"><b>EJERCICIO DE DERECHOS:<\/b><\/li><\/ul><p><span style=\"font-weight: 400;\">Estos datos, ser\u00e1n introducidos en un fichero automatizado bajo la responsabilidad del administrador de la web de <\/span><b>ASISTENCIA GERIATRICA ANOIA, SL<\/b><span style=\"font-weight: 400;\"> con la finalidad de poder facilitar, agilizar y cumplir los compromisos establecidos entre ambas partes. Asimismo, <\/span><b>ASISTENCIA GERIATRICA ANOIA, SL<\/b><span style=\"font-weight: 400;\"> informa de la posibilidad de ejercer los derechos de <\/span><b>acceso<\/b><span style=\"font-weight: 400;\">, que permite al usuario web, conocer que datos personales tiene el administrador de esta p\u00e1gina y en tal caso contestara en un plazo de 30 d\u00edas, siempre que conserven los datos personales, <\/span><b>rectificaci\u00f3n<\/b><span style=\"font-weight: 400;\">, que permite corregir errores en los datos personales, modificar los que sean inexactos o incompletos y garantizar la certeza de la informaci\u00f3n, <\/span><b>oposici\u00f3n<\/b><span style=\"font-weight: 400;\"> que podr\u00e1 solicitar y conseguir que no lleve a cabo el tratamiento de datos, <\/span><b>supresi\u00f3n<\/b><span style=\"font-weight: 400;\"> que permite que se supriman los datos inadecuados o excesivos, <\/span><b>limitaci\u00f3n, <\/b><span style=\"font-weight: 400;\">por el que puede solicitar que se limite el tratamiento de sus datos cuando haya ejercido su derecho a la rectificaci\u00f3n de sus datos personales, y <\/span><b>portabilidad<\/b><span style=\"font-weight: 400;\">, para que el usuario pueda obtener una copia de los datos personales que haya facilitado en la web a fin de poder transmitirlos a otros servicios, estos derechos se podr\u00e1n ejercer por cualquier medio que deje constancia de su env\u00edo y de su recepci\u00f3n a la direcci\u00f3n del administrador de esta web o al Correo electr\u00f3nico <\/span><b>dpd@grupqualia.com<\/b><b>,\u00a0 <\/b><span style=\"font-weight: 400;\">aportando fotocopia del DNI o documentaci\u00f3n alternativa que acredite su identidad. Los interesados podr\u00e1n presentar reclamaci\u00f3n ante la Autoridad de Control, AEPD, ACPD y AVPD.<\/span><\/p><p><span style=\"font-weight: 400;\">Estas cl\u00e1usulas han sido elaboradas por <\/span><b>GRUP QUALIA<\/b><span style=\"font-weight: 400;\">, por lo que se le otorga un certificado en formato de imagen digital para que pueda exponerlo en su sitio web.<\/span><\/p><p><b>Actualizadas: 12\/03\/2026.<\/b><\/p>\t\t\t\t\t\t\t\t<\/div>\n\t\t\t\t<\/div>\n\t\t\t\t\t<\/div>\n\t\t\t\t<\/div>\n\t\t\t\t<\/div>\n\t\t","protected":false},"excerpt":{"rendered":"<p>En cumplimiento de la Ley 34\/2002, con \u00faltima actualizaci\u00f3n, 09\/05\/2023, de servicios de la sociedad de la informaci\u00f3n y de comercio electr\u00f3nico, ASISTENCIA GERIATRICA ANOIA, SL, le informa que es titular de los sitios web: www.residenciaanoia.com.\u00a0 De acuerdo con la exigencia del art\u00edculo 10 de la mencionada Ley, notifica los siguientes datos: NIF\/CIF, B60581469, Registro [&hellip;]<\/p>\n","protected":false},"author":1,"featured_media":0,"parent":0,"menu_order":0,"comment_status":"closed","ping_status":"closed","template":"","meta":{"footnotes":""},"class_list":["post-324","page","type-page","status-publish","hentry"],"_links":{"self":[{"href":"https:\/\/www.residenciaanoia.com\/ca\/wp-json\/wp\/v2\/pages\/324","targetHints":{"allow":["GET"]}}],"collection":[{"href":"https:\/\/www.residenciaanoia.com\/ca\/wp-json\/wp\/v2\/pages"}],"about":[{"href":"https:\/\/www.residenciaanoia.com\/ca\/wp-json\/wp\/v2\/types\/page"}],"author":[{"embeddable":true,"href":"https:\/\/www.residenciaanoia.com\/ca\/wp-json\/wp\/v2\/users\/1"}],"replies":[{"embeddable":true,"href":"https:\/\/www.residenciaanoia.com\/ca\/wp-json\/wp\/v2\/comments?post=324"}],"version-history":[{"count":8,"href":"https:\/\/www.residenciaanoia.com\/ca\/wp-json\/wp\/v2\/pages\/324\/revisions"}],"predecessor-version":[{"id":427,"href":"https:\/\/www.residenciaanoia.com\/ca\/wp-json\/wp\/v2\/pages\/324\/revisions\/427"}],"wp:attachment":[{"href":"https:\/\/www.residenciaanoia.com\/ca\/wp-json\/wp\/v2\/media?parent=324"}],"curies":[{"name":"wp","href":"https:\/\/api.w.org\/{rel}","templated":true}]}}