{"id":321,"date":"2025-06-17T12:31:11","date_gmt":"2025-06-17T10:31:11","guid":{"rendered":"https:\/\/www.residenciaanoia.com\/contacte\/"},"modified":"2025-07-08T10:36:10","modified_gmt":"2025-07-08T08:36:10","slug":"contacte","status":"publish","type":"page","link":"https:\/\/www.residenciaanoia.com\/ca\/contacte\/","title":{"rendered":"Contacte"},"content":{"rendered":"\t\t<div data-elementor-type=\"wp-page\" data-elementor-id=\"321\" class=\"elementor elementor-321 elementor-200\" data-elementor-post-type=\"page\">\n\t\t\t\t<div class=\"elementor-element elementor-element-ce7c160 e-flex e-con-boxed e-con e-parent\" data-id=\"ce7c160\" data-element_type=\"container\" data-e-type=\"container\">\n\t\t\t\t\t<div class=\"e-con-inner\">\n\t\t<div class=\"elementor-element elementor-element-054fc2a e-con-full e-flex e-con e-child\" data-id=\"054fc2a\" data-element_type=\"container\" data-e-type=\"container\">\n\t\t<div class=\"elementor-element elementor-element-edae184 e-con-full e-flex e-con e-child\" data-id=\"edae184\" data-element_type=\"container\" data-e-type=\"container\" data-settings=\"{&quot;background_background&quot;:&quot;classic&quot;}\">\n\t\t\t\t<div class=\"elementor-element elementor-element-56dc8c5 elementor-widget elementor-widget-heading\" data-id=\"56dc8c5\" data-element_type=\"widget\" data-e-type=\"widget\" data-widget_type=\"heading.default\">\n\t\t\t\t<div class=\"elementor-widget-container\">\n\t\t\t\t\t<h1 class=\"elementor-heading-title elementor-size-default\">AQU\u00cd TE<br>CASA SEVA<\/h1>\t\t\t\t<\/div>\n\t\t\t\t<\/div>\n\t\t\t\t<div class=\"elementor-element elementor-element-28c47b8 elementor-widget elementor-widget-text-editor\" data-id=\"28c47b8\" data-element_type=\"widget\" data-e-type=\"widget\" data-widget_type=\"text-editor.default\">\n\t\t\t\t<div class=\"elementor-widget-container\">\n\t\t\t\t\t\t\t\t\t<p>APROPEU-VOS I CONEIXEU<br>LA RESID\u00c8NCIA,<br>LI FACILITAREM TOTA LA INFORMACI\u00d3 QUE PRECISI.<\/p>\t\t\t\t\t\t\t\t<\/div>\n\t\t\t\t<\/div>\n\t\t\t\t<\/div>\n\t\t\t\t<div class=\"elementor-element elementor-element-6bc78b7d elementor-widget elementor-widget-text-editor\" data-id=\"6bc78b7d\" data-element_type=\"widget\" data-e-type=\"widget\" data-widget_type=\"text-editor.default\">\n\t\t\t\t<div class=\"elementor-widget-container\">\n\t\t\t\t\t\t\t\t\t<p>Av. Pau Clar\u00eds, 11 bis<br> 08760 Martorell<br> Barcelona<\/p><p><strong>RESID\u00c8NCIA ANOIA<\/strong><br>T 937.741.483<br>F 937.765.422<br><a href=\"mailto:info@residenciaanoia.com\">info@residenciaanoia.com<\/a><\/p><p><strong>ATENCI\u00d3 A DOMICILI (ANOIA SERVEIS)<\/strong><br>T 931.810.509<br><a href=\"mailto:anoiaserveis@residenciaanoia.com\">anoiaserveis@residenciaanoia.com<\/a><\/p>\t\t\t\t\t\t\t\t<\/div>\n\t\t\t\t<\/div>\n\t\t\t\t<\/div>\n\t\t<div class=\"elementor-element elementor-element-d7ed843 e-con-full e-flex e-con e-child\" data-id=\"d7ed843\" data-element_type=\"container\" data-e-type=\"container\">\n\t\t\t\t<div class=\"elementor-element elementor-element-89faa8f elementor-widget elementor-widget-google_maps\" data-id=\"89faa8f\" data-element_type=\"widget\" data-e-type=\"widget\" data-widget_type=\"google_maps.default\">\n\t\t\t\t<div class=\"elementor-widget-container\">\n\t\t\t\t\t\t\t<div class=\"elementor-custom-embed\">\n\t\t\t<iframe loading=\"lazy\"\n\t\t\t\t\tsrc=\"https:\/\/maps.google.com\/maps?q=Av.%20Pau%20Clar%C3%ADs%2C%2011%20bis%2008760%20Martorell%20Barcelona&#038;t=m&#038;z=14&#038;output=embed&#038;iwloc=near\"\n\t\t\t\t\ttitle=\"Av. Pau Clar\u00eds, 11 bis 08760 Martorell Barcelona\"\n\t\t\t\t\taria-label=\"Av. Pau Clar\u00eds, 11 bis 08760 Martorell Barcelona\"\n\t\t\t><\/iframe>\n\t\t<\/div>\n\t\t\t\t\t\t<\/div>\n\t\t\t\t<\/div>\n\t\t\t\t<div class=\"elementor-element elementor-element-39a2092 elementor-widget elementor-widget-image\" data-id=\"39a2092\" data-element_type=\"widget\" data-e-type=\"widget\" data-widget_type=\"image.default\">\n\t\t\t\t<div class=\"elementor-widget-container\">\n\t\t\t\t\t\t\t\t\t\t\t\t\t\t\t<img fetchpriority=\"high\" decoding=\"async\" width=\"366\" height=\"246\" src=\"https:\/\/www.residenciaanoia.com\/wp-content\/uploads\/2025\/06\/46.jpg\" class=\"attachment-full size-full wp-image-294\" alt=\"\" srcset=\"https:\/\/www.residenciaanoia.com\/wp-content\/uploads\/2025\/06\/46.jpg 366w, https:\/\/www.residenciaanoia.com\/wp-content\/uploads\/2025\/06\/46-300x202.jpg 300w\" sizes=\"(max-width: 366px) 100vw, 366px\" \/>\t\t\t\t\t\t\t\t\t\t\t\t\t\t\t<\/div>\n\t\t\t\t<\/div>\n\t\t\t\t<\/div>\n\t\t<div class=\"elementor-element elementor-element-3e6dde0 e-con-full e-flex e-con e-child\" data-id=\"3e6dde0\" data-element_type=\"container\" data-e-type=\"container\">\n\t\t\t\t<div class=\"elementor-element elementor-element-ece0eb0 elementor-hidden-tablet elementor-hidden-mobile elementor-widget elementor-widget-image\" data-id=\"ece0eb0\" data-element_type=\"widget\" data-e-type=\"widget\" data-widget_type=\"image.default\">\n\t\t\t\t<div class=\"elementor-widget-container\">\n\t\t\t\t\t\t\t\t\t\t\t\t\t\t\t<img decoding=\"async\" width=\"246\" height=\"618\" src=\"https:\/\/www.residenciaanoia.com\/wp-content\/uploads\/2025\/06\/75.jpg\" class=\"attachment-full size-full wp-image-293\" alt=\"\" srcset=\"https:\/\/www.residenciaanoia.com\/wp-content\/uploads\/2025\/06\/75.jpg 246w, https:\/\/www.residenciaanoia.com\/wp-content\/uploads\/2025\/06\/75-119x300.jpg 119w\" sizes=\"(max-width: 246px) 100vw, 246px\" \/>\t\t\t\t\t\t\t\t\t\t\t\t\t\t\t<\/div>\n\t\t\t\t<\/div>\n\t\t\t\t<div class=\"elementor-element elementor-element-d02cba7 elementor-hidden-desktop elementor-widget elementor-widget-image\" data-id=\"d02cba7\" data-element_type=\"widget\" data-e-type=\"widget\" data-widget_type=\"image.default\">\n\t\t\t\t<div class=\"elementor-widget-container\">\n\t\t\t\t\t\t\t\t\t\t\t\t\t\t\t<img decoding=\"async\" width=\"615\" height=\"618\" src=\"https:\/\/www.residenciaanoia.com\/wp-content\/uploads\/2025\/06\/24.jpg\" class=\"attachment-full size-full wp-image-285\" alt=\"\" srcset=\"https:\/\/www.residenciaanoia.com\/wp-content\/uploads\/2025\/06\/24.jpg 615w, https:\/\/www.residenciaanoia.com\/wp-content\/uploads\/2025\/06\/24-300x300.jpg 300w, https:\/\/www.residenciaanoia.com\/wp-content\/uploads\/2025\/06\/24-150x150.jpg 150w\" sizes=\"(max-width: 615px) 100vw, 615px\" \/>\t\t\t\t\t\t\t\t\t\t\t\t\t\t\t<\/div>\n\t\t\t\t<\/div>\n\t\t\t\t<\/div>\n\t\t\t\t\t<\/div>\n\t\t\t\t<\/div>\n\t\t\t\t<\/div>\n\t\t","protected":false},"excerpt":{"rendered":"<p>AQU\u00cd TECASA SEVA APROPEU-VOS I CONEIXEULA RESID\u00c8NCIA,LI FACILITAREM TOTA LA INFORMACI\u00d3 QUE PRECISI. Av. Pau Clar\u00eds, 11 bis 08760 Martorell Barcelona RESID\u00c8NCIA ANOIAT 937.741.483F 937.765.422info@residenciaanoia.com ATENCI\u00d3 A DOMICILI (ANOIA SERVEIS)T 931.810.509anoiaserveis@residenciaanoia.com<\/p>\n","protected":false},"author":1,"featured_media":0,"parent":0,"menu_order":0,"comment_status":"closed","ping_status":"closed","template":"","meta":{"footnotes":""},"class_list":["post-321","page","type-page","status-publish","hentry"],"_links":{"self":[{"href":"https:\/\/www.residenciaanoia.com\/ca\/wp-json\/wp\/v2\/pages\/321","targetHints":{"allow":["GET"]}}],"collection":[{"href":"https:\/\/www.residenciaanoia.com\/ca\/wp-json\/wp\/v2\/pages"}],"about":[{"href":"https:\/\/www.residenciaanoia.com\/ca\/wp-json\/wp\/v2\/types\/page"}],"author":[{"embeddable":true,"href":"https:\/\/www.residenciaanoia.com\/ca\/wp-json\/wp\/v2\/users\/1"}],"replies":[{"embeddable":true,"href":"https:\/\/www.residenciaanoia.com\/ca\/wp-json\/wp\/v2\/comments?post=321"}],"version-history":[{"count":3,"href":"https:\/\/www.residenciaanoia.com\/ca\/wp-json\/wp\/v2\/pages\/321\/revisions"}],"predecessor-version":[{"id":404,"href":"https:\/\/www.residenciaanoia.com\/ca\/wp-json\/wp\/v2\/pages\/321\/revisions\/404"}],"wp:attachment":[{"href":"https:\/\/www.residenciaanoia.com\/ca\/wp-json\/wp\/v2\/media?parent=321"}],"curies":[{"name":"wp","href":"https:\/\/api.w.org\/{rel}","templated":true}]}}