{"id":317,"date":"2025-06-17T11:41:53","date_gmt":"2025-06-17T09:41:53","guid":{"rendered":"https:\/\/www.residenciaanoia.com\/serveis\/"},"modified":"2025-07-07T14:14:22","modified_gmt":"2025-07-07T12:14:22","slug":"serveis","status":"publish","type":"page","link":"https:\/\/www.residenciaanoia.com\/ca\/serveis\/","title":{"rendered":"Serveis"},"content":{"rendered":"\t\t<div data-elementor-type=\"wp-page\" data-elementor-id=\"317\" class=\"elementor elementor-317 elementor-122\" data-elementor-post-type=\"page\">\n\t\t\t\t<div class=\"elementor-element elementor-element-7e531f8 e-flex e-con-boxed e-con e-parent\" data-id=\"7e531f8\" data-element_type=\"container\" data-e-type=\"container\">\n\t\t\t\t\t<div class=\"e-con-inner\">\n\t\t<div class=\"elementor-element elementor-element-aeb56d4 e-con-full e-flex e-con e-child\" data-id=\"aeb56d4\" data-element_type=\"container\" data-e-type=\"container\">\n\t\t\t\t<div class=\"elementor-element elementor-element-600402a elementor-widget elementor-widget-image\" data-id=\"600402a\" data-element_type=\"widget\" data-e-type=\"widget\" data-widget_type=\"image.default\">\n\t\t\t\t<div class=\"elementor-widget-container\">\n\t\t\t\t\t\t\t\t\t\t\t\t\t\t\t<img fetchpriority=\"high\" decoding=\"async\" width=\"366\" height=\"246\" src=\"https:\/\/www.residenciaanoia.com\/wp-content\/uploads\/2025\/06\/5376.jpg\" class=\"attachment-full size-full wp-image-268\" alt=\"\" srcset=\"https:\/\/www.residenciaanoia.com\/wp-content\/uploads\/2025\/06\/5376.jpg 366w, https:\/\/www.residenciaanoia.com\/wp-content\/uploads\/2025\/06\/5376-300x202.jpg 300w\" sizes=\"(max-width: 366px) 100vw, 366px\" \/>\t\t\t\t\t\t\t\t\t\t\t\t\t\t\t<\/div>\n\t\t\t\t<\/div>\n\t\t<div class=\"elementor-element elementor-element-7a3b6cc e-con-full e-flex e-con e-child\" data-id=\"7a3b6cc\" data-element_type=\"container\" data-e-type=\"container\" data-settings=\"{&quot;background_background&quot;:&quot;classic&quot;}\">\n\t\t\t\t<div class=\"elementor-element elementor-element-6db05ad elementor-widget elementor-widget-heading\" data-id=\"6db05ad\" data-element_type=\"widget\" data-e-type=\"widget\" data-widget_type=\"heading.default\">\n\t\t\t\t<div class=\"elementor-widget-container\">\n\t\t\t\t\t<h1 class=\"elementor-heading-title elementor-size-default\">SOBRE TOT,<br>AMB ESTIMA<\/h1>\t\t\t\t<\/div>\n\t\t\t\t<\/div>\n\t\t\t\t<div class=\"elementor-element elementor-element-60d0c4e elementor-widget elementor-widget-text-editor\" data-id=\"60d0c4e\" data-element_type=\"widget\" data-e-type=\"widget\" data-widget_type=\"text-editor.default\">\n\t\t\t\t<div class=\"elementor-widget-container\">\n\t\t\t\t\t\t\t\t\tAMB LA MILLOR QUALITAT\nEN ALIMENTACI\u00d3,\nINFRAESTRUCTURES,\nCURES M\u00c8DIQUES,\nREHABILITACI\u00d3 I\nACTIVITATS PEL\nSEU TEMPS LLIURE.\t\t\t\t\t\t\t\t<\/div>\n\t\t\t\t<\/div>\n\t\t\t\t<\/div>\n\t\t\t\t<\/div>\n\t\t<div class=\"elementor-element elementor-element-f579da4 e-con-full e-flex e-con e-child\" data-id=\"f579da4\" data-element_type=\"container\" data-e-type=\"container\">\n\t\t\t\t<div class=\"elementor-element elementor-element-279717b elementor-widget__width-initial elementor-widget elementor-widget-text-editor\" data-id=\"279717b\" data-element_type=\"widget\" data-e-type=\"widget\" data-widget_type=\"text-editor.default\">\n\t\t\t\t<div class=\"elementor-widget-container\">\n\t\t\t\t\t\t\t\t\t<p><strong>RESIDENCIA ANOIA<\/strong><br>La resid\u00e8ncia compta amb:<\/p>\n<ul>\n<li>54 places de resid\u00e8ncia<\/li>\n<li>Jard\u00ed i hort propi<\/li>\n<li>Servei m\u00e8dic<\/li>\n<li>Nutricionista<\/li>\n<li>Gimn\u00e0s<\/li>\n<li>Servei de perruqueria<\/li>\n<li>Rehabilitaci\u00f3<\/li>\n<li>Animaci\u00f3 sociocultural<\/li>\n<li>Amplis salons i zones d&#8217;estar<\/li>\n<li>Activitats culturals i entreteniment individuals i en grup<\/li>\n<li>Excursions<\/li>\n<li>Atenci\u00f3 psicol\u00f2gica<\/li>\n<li><span style=\"background-color: transparent;\">Jornades gastron\u00f2miques<\/span><\/li>\n<li>Dietes especialitzades<\/li><\/ul><p><strong><br>ANOIA SERVEIS<\/strong><br>El servei d&#8217;atenci\u00f3 domicili\u00e0ria compta amb:<\/p>\n<ul>\n<li>Personal especialitzat per a l&#8217;atenci\u00f3 a la persona en la llar: realitzaci\u00f3 i suport en les activitats b\u00e0siques de la vida di\u00e0ria: higiene, alimentaci\u00f3, acompanyaments&#8230;<\/li>\n<li>Personal especialitzat per realitzar les tasques b\u00e0siques de la llar: neteja, compres, cuina&#8230;<\/li>\n<\/ul>\t\t\t\t\t\t\t\t<\/div>\n\t\t\t\t<\/div>\n\t\t\t\t<div class=\"elementor-element elementor-element-28fb2a2 elementor-widget elementor-widget-image\" data-id=\"28fb2a2\" data-element_type=\"widget\" data-e-type=\"widget\" data-widget_type=\"image.default\">\n\t\t\t\t<div class=\"elementor-widget-container\">\n\t\t\t\t\t\t\t\t\t\t\t\t\t\t\t<img decoding=\"async\" width=\"246\" height=\"618\" src=\"https:\/\/www.residenciaanoia.com\/wp-content\/uploads\/2025\/06\/3223.jpg\" class=\"attachment-full size-full wp-image-267\" alt=\"\" srcset=\"https:\/\/www.residenciaanoia.com\/wp-content\/uploads\/2025\/06\/3223.jpg 246w, https:\/\/www.residenciaanoia.com\/wp-content\/uploads\/2025\/06\/3223-119x300.jpg 119w\" sizes=\"(max-width: 246px) 100vw, 246px\" \/>\t\t\t\t\t\t\t\t\t\t\t\t\t\t\t<\/div>\n\t\t\t\t<\/div>\n\t\t\t\t<\/div>\n\t\t\t\t\t<\/div>\n\t\t\t\t<\/div>\n\t\t\t\t<\/div>\n\t\t","protected":false},"excerpt":{"rendered":"<p>SOBRE TOT,AMB ESTIMA AMB LA MILLOR QUALITAT EN ALIMENTACI\u00d3, INFRAESTRUCTURES, CURES M\u00c8DIQUES, REHABILITACI\u00d3 I ACTIVITATS PEL SEU TEMPS LLIURE. RESIDENCIA ANOIALa resid\u00e8ncia compta amb: 54 places de resid\u00e8ncia Jard\u00ed i hort propi Servei m\u00e8dic Nutricionista Gimn\u00e0s Servei de perruqueria Rehabilitaci\u00f3 Animaci\u00f3 sociocultural Amplis salons i zones d&#8217;estar Activitats culturals i entreteniment individuals i en grup [&hellip;]<\/p>\n","protected":false},"author":1,"featured_media":0,"parent":0,"menu_order":0,"comment_status":"closed","ping_status":"closed","template":"","meta":{"footnotes":""},"class_list":["post-317","page","type-page","status-publish","hentry"],"_links":{"self":[{"href":"https:\/\/www.residenciaanoia.com\/ca\/wp-json\/wp\/v2\/pages\/317","targetHints":{"allow":["GET"]}}],"collection":[{"href":"https:\/\/www.residenciaanoia.com\/ca\/wp-json\/wp\/v2\/pages"}],"about":[{"href":"https:\/\/www.residenciaanoia.com\/ca\/wp-json\/wp\/v2\/types\/page"}],"author":[{"embeddable":true,"href":"https:\/\/www.residenciaanoia.com\/ca\/wp-json\/wp\/v2\/users\/1"}],"replies":[{"embeddable":true,"href":"https:\/\/www.residenciaanoia.com\/ca\/wp-json\/wp\/v2\/comments?post=317"}],"version-history":[{"count":4,"href":"https:\/\/www.residenciaanoia.com\/ca\/wp-json\/wp\/v2\/pages\/317\/revisions"}],"predecessor-version":[{"id":363,"href":"https:\/\/www.residenciaanoia.com\/ca\/wp-json\/wp\/v2\/pages\/317\/revisions\/363"}],"wp:attachment":[{"href":"https:\/\/www.residenciaanoia.com\/ca\/wp-json\/wp\/v2\/media?parent=317"}],"curies":[{"name":"wp","href":"https:\/\/api.w.org\/{rel}","templated":true}]}}