{"id":315,"date":"2025-06-17T12:12:55","date_gmt":"2025-06-17T10:12:55","guid":{"rendered":"https:\/\/www.residenciaanoia.com\/nutricio\/"},"modified":"2026-04-29T13:19:57","modified_gmt":"2026-04-29T11:19:57","slug":"nutricio","status":"publish","type":"page","link":"https:\/\/www.residenciaanoia.com\/ca\/nutricio\/","title":{"rendered":"Nutrici\u00f3"},"content":{"rendered":"\t\t<div data-elementor-type=\"wp-page\" data-elementor-id=\"315\" class=\"elementor elementor-315 elementor-172\" data-elementor-post-type=\"page\">\n\t\t\t\t<div class=\"elementor-element elementor-element-1527951 e-flex e-con-boxed e-con e-parent\" data-id=\"1527951\" data-element_type=\"container\" data-e-type=\"container\">\n\t\t\t\t\t<div class=\"e-con-inner\">\n\t\t<div class=\"elementor-element elementor-element-e8accf4 e-con-full e-flex e-con e-child\" data-id=\"e8accf4\" data-element_type=\"container\" data-e-type=\"container\">\n\t\t\t\t<div class=\"elementor-element elementor-element-3f806a83 elementor-widget elementor-widget-text-editor\" data-id=\"3f806a83\" data-element_type=\"widget\" data-e-type=\"widget\" data-widget_type=\"text-editor.default\">\n\t\t\t\t<div class=\"elementor-widget-container\">\n\t\t\t\t\t\t\t\t\t<p>La nostra prioritat \u00e9s cuidar extremament la nutrici\u00f3 i les dietes, adaptant-les a les necessitats de cada resident. Dietes toves, baixes en sal, diab\u00e8tica, de protecci\u00f3 g\u00e0strica o hep\u00e0tica o hipertensa, la m\u00e9s adequada per a cadasc\u00fa en funci\u00f3 de la seva prescripci\u00f3 m\u00e8dica.<\/p><p>Amb les instal\u00b7lacions m\u00e9s modernes, elaborem tots els men\u00fas a la resid\u00e8ncia, amb criteris de salut, qualitat i varietat, perqu\u00e8 els nostres residents gaudeixin d&#8217;una bona alimentaci\u00f3.<\/p><p>A m\u00e9s, utilitzem el sistema d&#8217;aigua filtrada i purificada mitjan\u00e7ant OSMOSIS, que redueix la duresa de l&#8217;aigua i ajuda a regular l&#8217;equilibri alcal\u00ed (pH), millorant l&#8217;aigua que beuen els nostres residents fins a nivells comparables amb l&#8217;aigua mineral dels m\u00e9s purs brolladors naturals.<\/p>\t\t\t\t\t\t\t\t<\/div>\n\t\t\t\t<\/div>\n\t\t<div class=\"elementor-element elementor-element-fdcee66 e-con-full e-flex e-con e-child\" data-id=\"fdcee66\" data-element_type=\"container\" data-e-type=\"container\" data-settings=\"{&quot;background_background&quot;:&quot;classic&quot;}\">\n\t\t\t\t<div class=\"elementor-element elementor-element-05a402d elementor-widget elementor-widget-heading\" data-id=\"05a402d\" data-element_type=\"widget\" data-e-type=\"widget\" data-widget_type=\"heading.default\">\n\t\t\t\t<div class=\"elementor-widget-container\">\n\t\t\t\t\t<h1 class=\"elementor-heading-title elementor-size-default\">LA DIETA, GARANTIA<br> DE LA SEVA SALUT<\/h1>\t\t\t\t<\/div>\n\t\t\t\t<\/div>\n\t\t\t\t<div class=\"elementor-element elementor-element-b7e4cc9 elementor-widget elementor-widget-text-editor\" data-id=\"b7e4cc9\" data-element_type=\"widget\" data-e-type=\"widget\" data-widget_type=\"text-editor.default\">\n\t\t\t\t<div class=\"elementor-widget-container\">\n\t\t\t\t\t\t\t\t\t<p>MEN\u00daS PERSONALITZATS<br> I ELABORATS A LA<br> RESID\u00c8NCIA, LA NOSTRA<br> DIFER\u00c8NCIA ESSENCIAL.<\/p>\t\t\t\t\t\t\t\t<\/div>\n\t\t\t\t<\/div>\n\t\t\t\t<\/div>\n\t\t\t\t<\/div>\n\t\t<div class=\"elementor-element elementor-element-78a1050 e-con-full e-flex e-con e-child\" data-id=\"78a1050\" data-element_type=\"container\" data-e-type=\"container\">\n\t\t<div class=\"elementor-element elementor-element-0e58ac1 e-con-full e-flex e-con e-child\" data-id=\"0e58ac1\" data-element_type=\"container\" data-e-type=\"container\">\n\t\t\t\t<div class=\"elementor-element elementor-element-feb2b74 elementor-hidden-mobile elementor-widget elementor-widget-image\" data-id=\"feb2b74\" data-element_type=\"widget\" data-e-type=\"widget\" data-widget_type=\"image.default\">\n\t\t\t\t<div class=\"elementor-widget-container\">\n\t\t\t\t\t\t\t\t\t\t\t\t\t\t\t<img fetchpriority=\"high\" decoding=\"async\" width=\"243\" height=\"246\" src=\"https:\/\/www.residenciaanoia.com\/wp-content\/uploads\/2025\/06\/39.jpg\" class=\"attachment-full size-full wp-image-291\" alt=\"\" \/>\t\t\t\t\t\t\t\t\t\t\t\t\t\t\t<\/div>\n\t\t\t\t<\/div>\n\t\t\t\t<div class=\"elementor-element elementor-element-5de47a3 elementor-widget elementor-widget-image\" data-id=\"5de47a3\" data-element_type=\"widget\" data-e-type=\"widget\" data-widget_type=\"image.default\">\n\t\t\t\t<div class=\"elementor-widget-container\">\n\t\t\t\t\t\t\t\t\t\t\t\t\t\t\t<img decoding=\"async\" width=\"369\" height=\"246\" src=\"https:\/\/www.residenciaanoia.com\/wp-content\/uploads\/2025\/06\/8554.jpg\" class=\"attachment-full size-full wp-image-290\" alt=\"\" srcset=\"https:\/\/www.residenciaanoia.com\/wp-content\/uploads\/2025\/06\/8554.jpg 369w, https:\/\/www.residenciaanoia.com\/wp-content\/uploads\/2025\/06\/8554-300x200.jpg 300w\" sizes=\"(max-width: 369px) 100vw, 369px\" \/>\t\t\t\t\t\t\t\t\t\t\t\t\t\t\t<\/div>\n\t\t\t\t<\/div>\n\t\t\t\t<\/div>\n\t\t\t\t<div class=\"elementor-element elementor-element-99d89ef elementor-widget elementor-widget-image\" data-id=\"99d89ef\" data-element_type=\"widget\" data-e-type=\"widget\" data-widget_type=\"image.default\">\n\t\t\t\t<div class=\"elementor-widget-container\">\n\t\t\t\t\t\t\t\t\t\t\t\t\t\t\t<img decoding=\"async\" width=\"800\" height=\"480\" src=\"https:\/\/www.residenciaanoia.com\/wp-content\/uploads\/2026\/04\/ChatGPT-Image-29-abr-2026-13_20_01_2.jpg\" class=\"attachment-full size-full wp-image-515\" alt=\"\" srcset=\"https:\/\/www.residenciaanoia.com\/wp-content\/uploads\/2026\/04\/ChatGPT-Image-29-abr-2026-13_20_01_2.jpg 800w, https:\/\/www.residenciaanoia.com\/wp-content\/uploads\/2026\/04\/ChatGPT-Image-29-abr-2026-13_20_01_2-300x180.jpg 300w, https:\/\/www.residenciaanoia.com\/wp-content\/uploads\/2026\/04\/ChatGPT-Image-29-abr-2026-13_20_01_2-768x461.jpg 768w\" sizes=\"(max-width: 800px) 100vw, 800px\" \/>\t\t\t\t\t\t\t\t\t\t\t\t\t\t\t<\/div>\n\t\t\t\t<\/div>\n\t\t\t\t<\/div>\n\t\t\t\t\t<\/div>\n\t\t\t\t<\/div>\n\t\t\t\t<\/div>\n\t\t","protected":false},"excerpt":{"rendered":"<p>La nostra prioritat \u00e9s cuidar extremament la nutrici\u00f3 i les dietes, adaptant-les a les necessitats de cada resident. Dietes toves, baixes en sal, diab\u00e8tica, de protecci\u00f3 g\u00e0strica o hep\u00e0tica o hipertensa, la m\u00e9s adequada per a cadasc\u00fa en funci\u00f3 de la seva prescripci\u00f3 m\u00e8dica. Amb les instal\u00b7lacions m\u00e9s modernes, elaborem tots els men\u00fas a la [&hellip;]<\/p>\n","protected":false},"author":1,"featured_media":0,"parent":0,"menu_order":0,"comment_status":"closed","ping_status":"closed","template":"","meta":{"footnotes":""},"class_list":["post-315","page","type-page","status-publish","hentry"],"_links":{"self":[{"href":"https:\/\/www.residenciaanoia.com\/ca\/wp-json\/wp\/v2\/pages\/315","targetHints":{"allow":["GET"]}}],"collection":[{"href":"https:\/\/www.residenciaanoia.com\/ca\/wp-json\/wp\/v2\/pages"}],"about":[{"href":"https:\/\/www.residenciaanoia.com\/ca\/wp-json\/wp\/v2\/types\/page"}],"author":[{"embeddable":true,"href":"https:\/\/www.residenciaanoia.com\/ca\/wp-json\/wp\/v2\/users\/1"}],"replies":[{"embeddable":true,"href":"https:\/\/www.residenciaanoia.com\/ca\/wp-json\/wp\/v2\/comments?post=315"}],"version-history":[{"count":6,"href":"https:\/\/www.residenciaanoia.com\/ca\/wp-json\/wp\/v2\/pages\/315\/revisions"}],"predecessor-version":[{"id":516,"href":"https:\/\/www.residenciaanoia.com\/ca\/wp-json\/wp\/v2\/pages\/315\/revisions\/516"}],"wp:attachment":[{"href":"https:\/\/www.residenciaanoia.com\/ca\/wp-json\/wp\/v2\/media?parent=315"}],"curies":[{"name":"wp","href":"https:\/\/api.w.org\/{rel}","templated":true}]}}