{"id":311,"date":"2025-06-17T11:29:50","date_gmt":"2025-06-17T09:29:50","guid":{"rendered":"https:\/\/www.residenciaanoia.com\/installacions\/"},"modified":"2025-07-07T14:17:33","modified_gmt":"2025-07-07T12:17:33","slug":"installacions","status":"publish","type":"page","link":"https:\/\/www.residenciaanoia.com\/ca\/installacions\/","title":{"rendered":"Instal\u00b7lacions"},"content":{"rendered":"\t\t<div data-elementor-type=\"wp-page\" data-elementor-id=\"311\" class=\"elementor elementor-311 elementor-98\" data-elementor-post-type=\"page\">\n\t\t\t\t<div class=\"elementor-element elementor-element-101f813a e-flex e-con-boxed e-con e-parent\" data-id=\"101f813a\" data-element_type=\"container\" data-e-type=\"container\" data-settings=\"{&quot;background_background&quot;:&quot;classic&quot;}\">\n\t\t\t\t\t<div class=\"e-con-inner\">\n\t\t<div class=\"elementor-element elementor-element-1f14dd7a e-con-full e-flex e-con e-child\" data-id=\"1f14dd7a\" data-element_type=\"container\" data-e-type=\"container\">\n\t\t\t\t<div class=\"elementor-element elementor-element-5c3ea629 elementor-widget elementor-widget-text-editor\" data-id=\"5c3ea629\" data-element_type=\"widget\" data-e-type=\"widget\" data-widget_type=\"text-editor.default\">\n\t\t\t\t<div class=\"elementor-widget-container\">\n\t\t\t\t\t\t\t\t\t<p>Totes les nostres instal\u00b7lacions estan adaptades a les necessitats de tot tipus de residents.<\/p><p>Hem cercat la m\u00e0xima qualitat en tots els nostres nous equipaments, dins del compliment estricte de la normativa.<\/p><p>Perqu\u00e8 per a nosaltres, la seguretat dels nostres residents \u00e9s fonamental.<\/p>\t\t\t\t\t\t\t\t<\/div>\n\t\t\t\t<\/div>\n\t\t\t\t<\/div>\n\t\t<div class=\"elementor-element elementor-element-f1b5e39 e-con-full e-flex e-con e-child\" data-id=\"f1b5e39\" data-element_type=\"container\" data-e-type=\"container\">\n\t\t\t\t<div class=\"elementor-element elementor-element-250467ae elementor-widget elementor-widget-image\" data-id=\"250467ae\" data-element_type=\"widget\" data-e-type=\"widget\" data-widget_type=\"image.default\">\n\t\t\t\t<div class=\"elementor-widget-container\">\n\t\t\t\t\t\t\t\t\t\t\t\t\t\t\t<img fetchpriority=\"high\" decoding=\"async\" width=\"615\" height=\"246\" src=\"https:\/\/www.residenciaanoia.com\/wp-content\/uploads\/2025\/06\/9232.jpg\" class=\"attachment-full size-full wp-image-262\" alt=\"\" srcset=\"https:\/\/www.residenciaanoia.com\/wp-content\/uploads\/2025\/06\/9232.jpg 615w, https:\/\/www.residenciaanoia.com\/wp-content\/uploads\/2025\/06\/9232-300x120.jpg 300w\" sizes=\"(max-width: 615px) 100vw, 615px\" \/>\t\t\t\t\t\t\t\t\t\t\t\t\t\t\t<\/div>\n\t\t\t\t<\/div>\n\t\t\t\t<\/div>\n\t\t\t\t\t<\/div>\n\t\t\t\t<\/div>\n\t\t<div class=\"elementor-element elementor-element-ec9410b e-flex e-con-boxed e-con e-parent\" data-id=\"ec9410b\" data-element_type=\"container\" data-e-type=\"container\" data-settings=\"{&quot;background_background&quot;:&quot;classic&quot;}\">\n\t\t\t\t\t<div class=\"e-con-inner\">\n\t\t<div class=\"elementor-element elementor-element-de8a41a e-con-full e-flex e-con e-child\" data-id=\"de8a41a\" data-element_type=\"container\" data-e-type=\"container\" data-settings=\"{&quot;background_background&quot;:&quot;classic&quot;}\">\n\t\t\t\t<div class=\"elementor-element elementor-element-a29e4d8 elementor-widget elementor-widget-heading\" data-id=\"a29e4d8\" data-element_type=\"widget\" data-e-type=\"widget\" data-widget_type=\"heading.default\">\n\t\t\t\t<div class=\"elementor-widget-container\">\n\t\t\t\t\t<h1 class=\"elementor-heading-title elementor-size-default\">SENSE LUXES,<br> PER\u00d2 AMB LA<br> MILLOR QUALITAT<\/h1>\t\t\t\t<\/div>\n\t\t\t\t<\/div>\n\t\t\t\t<div class=\"elementor-element elementor-element-69c0fc58 elementor-widget elementor-widget-text-editor\" data-id=\"69c0fc58\" data-element_type=\"widget\" data-e-type=\"widget\" data-widget_type=\"text-editor.default\">\n\t\t\t\t<div class=\"elementor-widget-container\">\n\t\t\t\t\t\t\t\t\t<p>I AMB EL MILLOR QUE<br> PODEM DONAR-LI:<br> LA NOSTRA ATENCI\u00d3.<br> EL NOSTRE TEMPS,<br> I EL NOSTRE AFECTE.<\/p>\t\t\t\t\t\t\t\t<\/div>\n\t\t\t\t<\/div>\n\t\t\t\t<\/div>\n\t\t<div class=\"elementor-element elementor-element-605b086 e-con-full e-flex e-con e-child\" data-id=\"605b086\" data-element_type=\"container\" data-e-type=\"container\">\n\t\t\t\t<div class=\"elementor-element elementor-element-386f241 elementor-widget elementor-widget-image\" data-id=\"386f241\" data-element_type=\"widget\" data-e-type=\"widget\" data-widget_type=\"image.default\">\n\t\t\t\t<div class=\"elementor-widget-container\">\n\t\t\t\t\t\t\t\t\t\t\t\t\t\t\t<img decoding=\"async\" width=\"243\" height=\"369\" src=\"https:\/\/www.residenciaanoia.com\/wp-content\/uploads\/2025\/06\/45.jpg\" class=\"attachment-full size-full wp-image-263\" alt=\"\" srcset=\"https:\/\/www.residenciaanoia.com\/wp-content\/uploads\/2025\/06\/45.jpg 243w, https:\/\/www.residenciaanoia.com\/wp-content\/uploads\/2025\/06\/45-198x300.jpg 198w\" sizes=\"(max-width: 243px) 100vw, 243px\" \/>\t\t\t\t\t\t\t\t\t\t\t\t\t\t\t<\/div>\n\t\t\t\t<\/div>\n\t\t\t\t<div class=\"elementor-element elementor-element-5ee428e elementor-widget elementor-widget-image\" data-id=\"5ee428e\" data-element_type=\"widget\" data-e-type=\"widget\" data-widget_type=\"image.default\">\n\t\t\t\t<div class=\"elementor-widget-container\">\n\t\t\t\t\t\t\t\t\t\t\t\t\t\t\t<img decoding=\"async\" width=\"369\" height=\"369\" src=\"https:\/\/www.residenciaanoia.com\/wp-content\/uploads\/2025\/06\/44.jpg\" class=\"attachment-full size-full wp-image-264\" alt=\"\" srcset=\"https:\/\/www.residenciaanoia.com\/wp-content\/uploads\/2025\/06\/44.jpg 369w, https:\/\/www.residenciaanoia.com\/wp-content\/uploads\/2025\/06\/44-300x300.jpg 300w, https:\/\/www.residenciaanoia.com\/wp-content\/uploads\/2025\/06\/44-150x150.jpg 150w\" sizes=\"(max-width: 369px) 100vw, 369px\" \/>\t\t\t\t\t\t\t\t\t\t\t\t\t\t\t<\/div>\n\t\t\t\t<\/div>\n\t\t\t\t<\/div>\n\t\t\t\t\t<\/div>\n\t\t\t\t<\/div>\n\t\t\t\t<\/div>\n\t\t","protected":false},"excerpt":{"rendered":"<p>Totes les nostres instal\u00b7lacions estan adaptades a les necessitats de tot tipus de residents. Hem cercat la m\u00e0xima qualitat en tots els nostres nous equipaments, dins del compliment estricte de la normativa. Perqu\u00e8 per a nosaltres, la seguretat dels nostres residents \u00e9s fonamental. SENSE LUXES, PER\u00d2 AMB LA MILLOR QUALITAT I AMB EL MILLOR QUE [&hellip;]<\/p>\n","protected":false},"author":1,"featured_media":0,"parent":0,"menu_order":0,"comment_status":"closed","ping_status":"closed","template":"","meta":{"footnotes":""},"class_list":["post-311","page","type-page","status-publish","hentry"],"_links":{"self":[{"href":"https:\/\/www.residenciaanoia.com\/ca\/wp-json\/wp\/v2\/pages\/311","targetHints":{"allow":["GET"]}}],"collection":[{"href":"https:\/\/www.residenciaanoia.com\/ca\/wp-json\/wp\/v2\/pages"}],"about":[{"href":"https:\/\/www.residenciaanoia.com\/ca\/wp-json\/wp\/v2\/types\/page"}],"author":[{"embeddable":true,"href":"https:\/\/www.residenciaanoia.com\/ca\/wp-json\/wp\/v2\/users\/1"}],"replies":[{"embeddable":true,"href":"https:\/\/www.residenciaanoia.com\/ca\/wp-json\/wp\/v2\/comments?post=311"}],"version-history":[{"count":3,"href":"https:\/\/www.residenciaanoia.com\/ca\/wp-json\/wp\/v2\/pages\/311\/revisions"}],"predecessor-version":[{"id":369,"href":"https:\/\/www.residenciaanoia.com\/ca\/wp-json\/wp\/v2\/pages\/311\/revisions\/369"}],"wp:attachment":[{"href":"https:\/\/www.residenciaanoia.com\/ca\/wp-json\/wp\/v2\/media?parent=311"}],"curies":[{"name":"wp","href":"https:\/\/api.w.org\/{rel}","templated":true}]}}