{"id":307,"date":"2025-06-17T11:34:44","date_gmt":"2025-06-17T09:34:44","guid":{"rendered":"https:\/\/www.residenciaanoia.com\/equip\/"},"modified":"2025-07-08T10:25:56","modified_gmt":"2025-07-08T08:25:56","slug":"equip","status":"publish","type":"page","link":"https:\/\/www.residenciaanoia.com\/ca\/equip\/","title":{"rendered":"Equip"},"content":{"rendered":"\t\t<div data-elementor-type=\"wp-page\" data-elementor-id=\"307\" class=\"elementor elementor-307 elementor-109\" data-elementor-post-type=\"page\">\n\t\t\t\t<div class=\"elementor-element elementor-element-101f813a e-flex e-con-boxed e-con e-parent\" data-id=\"101f813a\" data-element_type=\"container\" data-e-type=\"container\" data-settings=\"{&quot;background_background&quot;:&quot;classic&quot;}\">\n\t\t\t\t\t<div class=\"e-con-inner\">\n\t\t<div class=\"elementor-element elementor-element-1f14dd7a e-con-full e-flex e-con e-child\" data-id=\"1f14dd7a\" data-element_type=\"container\" data-e-type=\"container\">\n\t\t\t\t<div class=\"elementor-element elementor-element-250467ae elementor-widget elementor-widget-image\" data-id=\"250467ae\" data-element_type=\"widget\" data-e-type=\"widget\" data-widget_type=\"image.default\">\n\t\t\t\t<div class=\"elementor-widget-container\">\n\t\t\t\t\t\t\t\t\t\t\t\t\t\t\t<img fetchpriority=\"high\" decoding=\"async\" width=\"366\" height=\"246\" src=\"https:\/\/www.residenciaanoia.com\/wp-content\/uploads\/2025\/06\/4514.jpg\" class=\"attachment-full size-full wp-image-266\" alt=\"\" srcset=\"https:\/\/www.residenciaanoia.com\/wp-content\/uploads\/2025\/06\/4514.jpg 366w, https:\/\/www.residenciaanoia.com\/wp-content\/uploads\/2025\/06\/4514-300x202.jpg 300w\" sizes=\"(max-width: 366px) 100vw, 366px\" \/>\t\t\t\t\t\t\t\t\t\t\t\t\t\t\t<\/div>\n\t\t\t\t<\/div>\n\t\t\t\t<\/div>\n\t\t<div class=\"elementor-element elementor-element-dc5bdaa e-con-full e-flex e-con e-child\" data-id=\"dc5bdaa\" data-element_type=\"container\" data-e-type=\"container\">\n\t\t\t\t<div class=\"elementor-element elementor-element-5c3ea629 elementor-widget elementor-widget-text-editor\" data-id=\"5c3ea629\" data-element_type=\"widget\" data-e-type=\"widget\" data-widget_type=\"text-editor.default\">\n\t\t\t\t<div class=\"elementor-widget-container\">\n\t\t\t\t\t\t\t\t\t<p>Dirigida per la doctora Ana Verd\u00fa Martorell, la resid\u00e8ncia compta amb un complet equip de professionals dedicats a la cura i benestar dels nostres residents: Metge, infermera, terapeuta ocupacional, fisioterapeuta, neuropsic\u00f2loga i psic\u00f2loga, animadora sociocultural, treballadora social, auxiliars de geriatria socis i acreditades; aix\u00ed com personal de serveis: cuina, neteja, jardineria i manteniment.<\/p>\t\t\t\t\t\t\t\t<\/div>\n\t\t\t\t<\/div>\n\t\t\t\t<\/div>\n\t\t\t\t\t<\/div>\n\t\t\t\t<\/div>\n\t\t<div class=\"elementor-element elementor-element-ec9410b e-flex e-con-boxed e-con e-parent\" data-id=\"ec9410b\" data-element_type=\"container\" data-e-type=\"container\" data-settings=\"{&quot;background_background&quot;:&quot;classic&quot;}\">\n\t\t\t\t\t<div class=\"e-con-inner\">\n\t\t<div class=\"elementor-element elementor-element-de8a41a e-con-full e-flex e-con e-child\" data-id=\"de8a41a\" data-element_type=\"container\" data-e-type=\"container\" data-settings=\"{&quot;background_background&quot;:&quot;classic&quot;}\">\n\t\t\t\t<div class=\"elementor-element elementor-element-a29e4d8 elementor-widget elementor-widget-heading\" data-id=\"a29e4d8\" data-element_type=\"widget\" data-e-type=\"widget\" data-widget_type=\"heading.default\">\n\t\t\t\t<div class=\"elementor-widget-container\">\n\t\t\t\t\t<h1 class=\"elementor-heading-title elementor-size-default\">AMB LA<br>SEGURETAT<br>D'ESTAR EN BONES<br>MANS<\/h1>\t\t\t\t<\/div>\n\t\t\t\t<\/div>\n\t\t\t\t<div class=\"elementor-element elementor-element-69c0fc58 elementor-widget elementor-widget-text-editor\" data-id=\"69c0fc58\" data-element_type=\"widget\" data-e-type=\"widget\" data-widget_type=\"text-editor.default\">\n\t\t\t\t<div class=\"elementor-widget-container\">\n\t\t\t\t\t\t\t\t\t<p>L&#8217;EXPERI\u00c8NCIA<br> I REPUTACI\u00d3 DE TOT<br> EL NOSTRE EQUIP DE<br> PROFESSIONALS<br> ENS AVALEN.<\/p>\t\t\t\t\t\t\t\t<\/div>\n\t\t\t\t<\/div>\n\t\t\t\t<\/div>\n\t\t<div class=\"elementor-element elementor-element-605b086 e-con-full e-flex e-con e-child\" data-id=\"605b086\" data-element_type=\"container\" data-e-type=\"container\" data-settings=\"{&quot;background_background&quot;:&quot;classic&quot;}\">\n\t\t\t\t<div class=\"elementor-element elementor-element-2aa0026 elementor-widget elementor-widget-heading\" data-id=\"2aa0026\" data-element_type=\"widget\" data-e-type=\"widget\" data-widget_type=\"heading.default\">\n\t\t\t\t<div class=\"elementor-widget-container\">\n\t\t\t\t\t<span class=\"elementor-heading-title elementor-size-default\">La Resid\u00e8ncia est\u00e0 compromesa amb la igualtat, per aix\u00f2 t\u00e9 un Pla intern d'igualtat de g\u00e8nere que cont\u00e9 un conjunt ordenat de mesures amb l\u2019objectiu d\u2019assolir la igualtat de tracte i d\u2019oportunitats, i eliminar qualsevol discriminaci\u00f3 per ra\u00f3 de sexe o g\u00e8nere dins l\u2019organitzaci\u00f3.\u200b<\/span>\t\t\t\t<\/div>\n\t\t\t\t<\/div>\n\t\t\t\t<\/div>\n\t\t\t\t\t<\/div>\n\t\t\t\t<\/div>\n\t\t\t\t<\/div>\n\t\t","protected":false},"excerpt":{"rendered":"<p>Dirigida per la doctora Ana Verd\u00fa Martorell, la resid\u00e8ncia compta amb un complet equip de professionals dedicats a la cura i benestar dels nostres residents: Metge, infermera, terapeuta ocupacional, fisioterapeuta, neuropsic\u00f2loga i psic\u00f2loga, animadora sociocultural, treballadora social, auxiliars de geriatria socis i acreditades; aix\u00ed com personal de serveis: cuina, neteja, jardineria i manteniment. AMB LASEGURETATD&#8217;ESTAR [&hellip;]<\/p>\n","protected":false},"author":1,"featured_media":0,"parent":0,"menu_order":0,"comment_status":"closed","ping_status":"closed","template":"","meta":{"footnotes":""},"class_list":["post-307","page","type-page","status-publish","hentry"],"_links":{"self":[{"href":"https:\/\/www.residenciaanoia.com\/ca\/wp-json\/wp\/v2\/pages\/307","targetHints":{"allow":["GET"]}}],"collection":[{"href":"https:\/\/www.residenciaanoia.com\/ca\/wp-json\/wp\/v2\/pages"}],"about":[{"href":"https:\/\/www.residenciaanoia.com\/ca\/wp-json\/wp\/v2\/types\/page"}],"author":[{"embeddable":true,"href":"https:\/\/www.residenciaanoia.com\/ca\/wp-json\/wp\/v2\/users\/1"}],"replies":[{"embeddable":true,"href":"https:\/\/www.residenciaanoia.com\/ca\/wp-json\/wp\/v2\/comments?post=307"}],"version-history":[{"count":5,"href":"https:\/\/www.residenciaanoia.com\/ca\/wp-json\/wp\/v2\/pages\/307\/revisions"}],"predecessor-version":[{"id":400,"href":"https:\/\/www.residenciaanoia.com\/ca\/wp-json\/wp\/v2\/pages\/307\/revisions\/400"}],"wp:attachment":[{"href":"https:\/\/www.residenciaanoia.com\/ca\/wp-json\/wp\/v2\/media?parent=307"}],"curies":[{"name":"wp","href":"https:\/\/api.w.org\/{rel}","templated":true}]}}