{"id":299,"date":"2025-06-16T16:28:23","date_gmt":"2025-06-16T14:28:23","guid":{"rendered":"https:\/\/www.residenciaanoia.com\/inici\/"},"modified":"2025-07-07T14:02:12","modified_gmt":"2025-07-07T12:02:12","slug":"inici","status":"publish","type":"page","link":"https:\/\/www.residenciaanoia.com\/ca\/","title":{"rendered":"Inici"},"content":{"rendered":"\t\t<div data-elementor-type=\"wp-page\" data-elementor-id=\"299\" class=\"elementor elementor-299 elementor-13\" data-elementor-post-type=\"page\">\n\t\t\t\t<div class=\"elementor-element elementor-element-be52025 e-flex e-con-boxed e-con e-parent\" data-id=\"be52025\" data-element_type=\"container\" data-e-type=\"container\" data-settings=\"{&quot;background_background&quot;:&quot;classic&quot;}\">\n\t\t\t\t\t<div class=\"e-con-inner\">\n\t\t<div class=\"elementor-element elementor-element-b76bf25 e-con-full e-flex e-con e-child\" data-id=\"b76bf25\" data-element_type=\"container\" data-e-type=\"container\">\n\t\t\t\t<div class=\"elementor-element elementor-element-559d524 elementor-widget elementor-widget-image\" data-id=\"559d524\" data-element_type=\"widget\" data-e-type=\"widget\" data-widget_type=\"image.default\">\n\t\t\t\t<div class=\"elementor-widget-container\">\n\t\t\t\t\t\t\t\t\t\t\t\t\t\t\t<img fetchpriority=\"high\" decoding=\"async\" width=\"612\" height=\"369\" src=\"https:\/\/www.residenciaanoia.com\/wp-content\/uploads\/2025\/06\/87.jpg\" class=\"attachment-full size-full wp-image-254\" alt=\"\" srcset=\"https:\/\/www.residenciaanoia.com\/wp-content\/uploads\/2025\/06\/87.jpg 612w, https:\/\/www.residenciaanoia.com\/wp-content\/uploads\/2025\/06\/87-300x181.jpg 300w\" sizes=\"(max-width: 612px) 100vw, 612px\" \/>\t\t\t\t\t\t\t\t\t\t\t\t\t\t\t<\/div>\n\t\t\t\t<\/div>\n\t\t\t\t<\/div>\n\t\t<div class=\"elementor-element elementor-element-987d241 e-con-full e-flex e-con e-child\" data-id=\"987d241\" data-element_type=\"container\" data-e-type=\"container\" data-settings=\"{&quot;background_background&quot;:&quot;classic&quot;}\">\n\t\t\t\t<div class=\"elementor-element elementor-element-8e3be71 elementor-widget elementor-widget-image\" data-id=\"8e3be71\" data-element_type=\"widget\" data-e-type=\"widget\" data-widget_type=\"image.default\">\n\t\t\t\t<div class=\"elementor-widget-container\">\n\t\t\t\t\t\t\t\t\t\t\t\t\t\t\t<img decoding=\"async\" width=\"131\" height=\"128\" src=\"https:\/\/www.residenciaanoia.com\/wp-content\/uploads\/2025\/07\/logo-residencia-anoia-removebg-preview_2.png\" class=\"attachment-large size-large wp-image-336\" alt=\"\" \/>\t\t\t\t\t\t\t\t\t\t\t\t\t\t\t<\/div>\n\t\t\t\t<\/div>\n\t\t\t\t<div class=\"elementor-element elementor-element-22a87da elementor-widget elementor-widget-heading\" data-id=\"22a87da\" data-element_type=\"widget\" data-e-type=\"widget\" data-widget_type=\"heading.default\">\n\t\t\t\t<div class=\"elementor-widget-container\">\n\t\t\t\t\t<h1 class=\"elementor-heading-title elementor-size-default\">RESIDENCIA ANOIA<br>CASA VERD\u00da<\/h1>\t\t\t\t<\/div>\n\t\t\t\t<\/div>\n\t\t\t\t<\/div>\n\t\t\t\t\t<\/div>\n\t\t\t\t<\/div>\n\t\t<div class=\"elementor-element elementor-element-515345b e-flex e-con-boxed e-con e-parent\" data-id=\"515345b\" data-element_type=\"container\" data-e-type=\"container\">\n\t\t\t\t\t<div class=\"e-con-inner\">\n\t\t<div class=\"elementor-element elementor-element-8455984 e-con-full e-flex e-con e-child\" data-id=\"8455984\" data-element_type=\"container\" data-e-type=\"container\">\n\t\t<div class=\"elementor-element elementor-element-c37fdf2 e-con-full e-flex e-con e-child\" data-id=\"c37fdf2\" data-element_type=\"container\" data-e-type=\"container\">\n\t\t\t\t<div class=\"elementor-element elementor-element-0922e6c elementor-widget elementor-widget-text-editor\" data-id=\"0922e6c\" data-element_type=\"widget\" data-e-type=\"widget\" data-widget_type=\"text-editor.default\">\n\t\t\t\t<div class=\"elementor-widget-container\">\n\t\t\t\t\t\t\t\t\t<p>No pretenem reempla\u00e7ar les seves vides, casa seva, fam\u00edlia, records, sin\u00f3 que en la seva nova etapa els nostres majors es trobin com a casa.<br> Aix\u00ed de senzill.<\/p><p>Amb l&#8217;afecte, calor, atenci\u00f3 i detalls del millor equip de professionals. Per atendre totes les vostres necessitats. Perqu\u00e8 gaudeixin del seu temps i de la seva vida.<\/p>\t\t\t\t\t\t\t\t<\/div>\n\t\t\t\t<\/div>\n\t\t\t\t<\/div>\n\t\t<div class=\"elementor-element elementor-element-5c680f1 e-con-full elementor-hidden-mobile e-flex e-con e-child\" data-id=\"5c680f1\" data-element_type=\"container\" data-e-type=\"container\" data-settings=\"{&quot;background_background&quot;:&quot;classic&quot;}\">\n\t\t\t\t<\/div>\n\t\t\t\t<\/div>\n\t\t<div class=\"elementor-element elementor-element-2413833 e-con-full e-flex e-con e-child\" data-id=\"2413833\" data-element_type=\"container\" data-e-type=\"container\">\n\t\t\t\t<div class=\"elementor-element elementor-element-bb0ee92 elementor-widget elementor-widget-image\" data-id=\"bb0ee92\" data-element_type=\"widget\" data-e-type=\"widget\" data-widget_type=\"image.default\">\n\t\t\t\t<div class=\"elementor-widget-container\">\n\t\t\t\t\t\t\t\t\t\t\t\t\t\t\t<img decoding=\"async\" width=\"369\" height=\"246\" src=\"https:\/\/www.residenciaanoia.com\/wp-content\/uploads\/2025\/06\/61-1.jpg\" class=\"attachment-full size-full wp-image-257\" alt=\"\" srcset=\"https:\/\/www.residenciaanoia.com\/wp-content\/uploads\/2025\/06\/61-1.jpg 369w, https:\/\/www.residenciaanoia.com\/wp-content\/uploads\/2025\/06\/61-1-300x200.jpg 300w\" sizes=\"(max-width: 369px) 100vw, 369px\" \/>\t\t\t\t\t\t\t\t\t\t\t\t\t\t\t<\/div>\n\t\t\t\t<\/div>\n\t\t\t\t<\/div>\n\t\t\t\t\t<\/div>\n\t\t\t\t<\/div>\n\t\t\t\t<\/div>\n\t\t","protected":false},"excerpt":{"rendered":"<p>RESIDENCIA ANOIACASA VERD\u00da No pretenem reempla\u00e7ar les seves vides, casa seva, fam\u00edlia, records, sin\u00f3 que en la seva nova etapa els nostres majors es trobin com a casa. Aix\u00ed de senzill. Amb l&#8217;afecte, calor, atenci\u00f3 i detalls del millor equip de professionals. Per atendre totes les vostres necessitats. Perqu\u00e8 gaudeixin del seu temps i de [&hellip;]<\/p>\n","protected":false},"author":1,"featured_media":0,"parent":0,"menu_order":0,"comment_status":"closed","ping_status":"closed","template":"","meta":{"footnotes":""},"class_list":["post-299","page","type-page","status-publish","hentry"],"_links":{"self":[{"href":"https:\/\/www.residenciaanoia.com\/ca\/wp-json\/wp\/v2\/pages\/299","targetHints":{"allow":["GET"]}}],"collection":[{"href":"https:\/\/www.residenciaanoia.com\/ca\/wp-json\/wp\/v2\/pages"}],"about":[{"href":"https:\/\/www.residenciaanoia.com\/ca\/wp-json\/wp\/v2\/types\/page"}],"author":[{"embeddable":true,"href":"https:\/\/www.residenciaanoia.com\/ca\/wp-json\/wp\/v2\/users\/1"}],"replies":[{"embeddable":true,"href":"https:\/\/www.residenciaanoia.com\/ca\/wp-json\/wp\/v2\/comments?post=299"}],"version-history":[{"count":5,"href":"https:\/\/www.residenciaanoia.com\/ca\/wp-json\/wp\/v2\/pages\/299\/revisions"}],"predecessor-version":[{"id":357,"href":"https:\/\/www.residenciaanoia.com\/ca\/wp-json\/wp\/v2\/pages\/299\/revisions\/357"}],"wp:attachment":[{"href":"https:\/\/www.residenciaanoia.com\/ca\/wp-json\/wp\/v2\/media?parent=299"}],"curies":[{"name":"wp","href":"https:\/\/api.w.org\/{rel}","templated":true}]}}